{"id":5231,"date":"2024-05-09T10:51:09","date_gmt":"2024-05-09T10:51:09","guid":{"rendered":"https:\/\/www.trefl.com\/lp\/?page_id=5231"},"modified":"2025-12-19T13:23:33","modified_gmt":"2025-12-19T13:23:33","slug":"turniej-puzzlowy","status":"publish","type":"page","link":"https:\/\/www.trefl.com\/lp\/turniej-puzzlowy\/","title":{"rendered":"Turniej Puzzlowy"},"content":{"rendered":"\t\t<div data-elementor-type=\"wp-page\" data-elementor-id=\"5231\" class=\"elementor elementor-5231\" data-elementor-post-type=\"page\">\n\t\t\t\t\t\t<header class=\"elementor-section elementor-top-section elementor-element elementor-element-b3115a2 elementor-section-content-middle elementor-section-boxed elementor-section-height-default elementor-section-height-default\" data-id=\"b3115a2\" data-element_type=\"section\" data-e-type=\"section\" data-settings=\"{&quot;background_background&quot;:&quot;classic&quot;,&quot;sticky&quot;:&quot;top&quot;,&quot;sticky_on&quot;:[&quot;desktop&quot;],&quot;sticky_offset&quot;:0,&quot;sticky_effects_offset&quot;:0,&quot;sticky_anchor_link_offset&quot;:0}\">\n\t\t\t\t\t\t\t<div class=\"elementor-background-overlay\"><\/div>\n\t\t\t\t\t\t\t<div class=\"elementor-container elementor-column-gap-no\">\n\t\t\t\t\t<div class=\"elementor-column elementor-col-50 elementor-top-column elementor-element elementor-element-33823fcc\" data-id=\"33823fcc\" data-element_type=\"column\" data-e-type=\"column\">\n\t\t\t<div class=\"elementor-widget-wrap elementor-element-populated\">\n\t\t\t\t\t\t<div class=\"elementor-element elementor-element-2d90c535 elementor-widget elementor-widget-image\" data-id=\"2d90c535\" data-element_type=\"widget\" data-e-type=\"widget\" data-widget_type=\"image.default\">\n\t\t\t\t<div class=\"elementor-widget-container\">\n\t\t\t\t\t\t\t\t\t\t\t\t\t\t\t\t<a href=\"https:\/\/www.trefl.com\/lp\/turniej-puzzlowy\">\n\t\t\t\t\t\t\t<img decoding=\"async\" width=\"133\" height=\"66\" src=\"https:\/\/www.trefl.com\/lp\/wp-content\/uploads\/2022\/08\/logo-1.svg\" class=\"attachment-large size-large wp-image-957\" alt=\"\" \/>\t\t\t\t\t\t\t\t<\/a>\n\t\t\t\t\t\t\t\t\t\t\t\t\t\t\t<\/div>\n\t\t\t\t<\/div>\n\t\t\t\t\t<\/div>\n\t\t<\/div>\n\t\t\t\t<div class=\"elementor-column elementor-col-50 elementor-top-column elementor-element elementor-element-77cf66b9\" data-id=\"77cf66b9\" data-element_type=\"column\" data-e-type=\"column\">\n\t\t\t<div class=\"elementor-widget-wrap elementor-element-populated\">\n\t\t\t\t\t\t<div class=\"elementor-element elementor-element-76ba0ab elementor-align-right elementor-widget elementor-widget-button\" data-id=\"76ba0ab\" data-element_type=\"widget\" data-e-type=\"widget\" data-widget_type=\"button.default\">\n\t\t\t\t<div class=\"elementor-widget-container\">\n\t\t\t\t\t\t\t\t\t<div class=\"elementor-button-wrapper\">\n\t\t\t\t\t<a class=\"elementor-button elementor-button-link elementor-size-sm\" href=\"#formularz\">\n\t\t\t\t\t\t<span class=\"elementor-button-content-wrapper\">\n\t\t\t\t\t\t\t\t\t<span class=\"elementor-button-text\">WE\u0179 UDZIA\u0141<\/span>\n\t\t\t\t\t<\/span>\n\t\t\t\t\t<\/a>\n\t\t\t\t<\/div>\n\t\t\t\t\t\t\t\t<\/div>\n\t\t\t\t<\/div>\n\t\t\t\t\t<\/div>\n\t\t<\/div>\n\t\t\t\t\t<\/div>\n\t\t<\/header>\n\t\t\t\t<section class=\"elementor-section elementor-top-section elementor-element elementor-element-7e1b394 elementor-section-height-min-height elementor-hidden-mobile elementor-section-boxed elementor-section-height-default elementor-section-items-middle\" data-id=\"7e1b394\" data-element_type=\"section\" data-e-type=\"section\" data-settings=\"{&quot;background_background&quot;:&quot;classic&quot;}\">\n\t\t\t\t\t\t<div class=\"elementor-container elementor-column-gap-default\">\n\t\t\t\t\t<div class=\"elementor-column elementor-col-50 elementor-top-column elementor-element elementor-element-c7cec2a\" data-id=\"c7cec2a\" data-element_type=\"column\" data-e-type=\"column\">\n\t\t\t<div class=\"elementor-widget-wrap elementor-element-populated\">\n\t\t\t\t\t\t<div class=\"elementor-element elementor-element-a1b3098 elementor-invisible elementor-widget elementor-widget-heading\" data-id=\"a1b3098\" data-element_type=\"widget\" data-e-type=\"widget\" data-settings=\"{&quot;_animation&quot;:&quot;fadeInDown&quot;}\" data-widget_type=\"heading.default\">\n\t\t\t\t<div class=\"elementor-widget-container\">\n\t\t\t\t\t<h3 class=\"elementor-heading-title elementor-size-default\">17 stycznia 2026<\/h3>\t\t\t\t<\/div>\n\t\t\t\t<\/div>\n\t\t\t\t<div class=\"elementor-element elementor-element-d1897b3 elementor-widget elementor-widget-text-editor\" data-id=\"d1897b3\" data-element_type=\"widget\" data-e-type=\"widget\" data-widget_type=\"text-editor.default\">\n\t\t\t\t<div class=\"elementor-widget-container\">\n\t\t\t\t\t\t\t\t\t<h2><strong>\ud83e\udde9 <\/strong><strong>Mistrzostwa Pomorza w uk\u0142adaniu puzzli<\/strong><\/h2><p>We\u017a udzia\u0142 i sprawd\u017a si\u0119 w Mistrzostwach Pomorza w uk\u0142adaniu puzzli, kt\u00f3re odb\u0119d\u0105 si\u0119 17 stycznia 2026 roku!<\/p><p>Podczas Mistrzostw b\u0119dziesz mie\u0107 okazj\u0119 zmierzy\u0107 si\u0119 w indywidualnym i\/lub dru\u017cynowym konkursie uk\u0142adania puzzli na czas!<\/p><p><strong>Gdzie<\/strong>: Centrum Konferencyjne | Pomorski Park Naukowo Technologiczny w Gdyni (al. Zwyci\u0119stwa 96\/98, 81-451 Gdynia) | budynek III PPNT, I pi\u0119tro, Sala D i E<\/p><p><strong>Kiedy:<\/strong> 17 stycznia 2026 r. (sobota)<\/p><p><strong>Agenda wydarzenia:<\/strong><\/p><ul><li>09:45 \u2013 10.00: rejestracja i przywitanie uczestnik\u00f3w<\/li><li>10.00 \u2013 12.00: konkurs indywidualny (500 element\u00f3w)<\/li><li>12.00 \u2013 12.10: zako\u0144czenie konkursu indywidualnego, wr\u0119czenie nagr\u00f3d<\/li><li>12.30 \u2013 14.30: konkurs dru\u017cynowy (1000 element\u00f3w)<\/li><li>14.30 \u2013 15.00: zako\u0144czenie konkursu dru\u017cynowego, wr\u0119czenie nagr\u00f3d oraz zako\u0144czenie Mistrzostw<\/li><\/ul><p><strong><br \/>Uwaga!<\/strong>\u00a0Liczba miejsc w konkursie indywidualnym oraz konkursie dru\u017cynowym jest ograniczona. Obowi\u0105zuj\u0105 zapisy! Dru\u017cyna powinna sk\u0142ada\u0107 si\u0119 z 3 os\u00f3b! W konkursie mog\u0105 bra\u0107 udzia\u0142 tylko osoby pe\u0142noletnie. Prosimy o przybycie oko\u0142o 15 minut przed rozpocz\u0119ciem konkursu, w kt\u00f3rym uczestniczysz. Po przybyciu na miejsce nale\u017cy zg\u0142osi\u0107 si\u0119 do pracownik\u00f3w firmy Trefl w celu potwierdzenia danych.<\/p><p><strong>Zapisy rozpoczynaj\u0105 si\u0119 22 grudnia 25 r. o godzinie 12.00.<\/strong><\/p>\t\t\t\t\t\t\t\t<\/div>\n\t\t\t\t<\/div>\n\t\t\t\t\t<\/div>\n\t\t<\/div>\n\t\t\t\t<div class=\"elementor-column elementor-col-50 elementor-top-column elementor-element elementor-element-c6bf3bb\" data-id=\"c6bf3bb\" data-element_type=\"column\" data-e-type=\"column\">\n\t\t\t<div class=\"elementor-widget-wrap\">\n\t\t\t\t\t\t\t<\/div>\n\t\t<\/div>\n\t\t\t\t\t<\/div>\n\t\t<\/section>\n\t\t\t\t<section class=\"elementor-section elementor-top-section elementor-element elementor-element-52e5916 elementor-hidden-desktop elementor-hidden-tablet elementor-section-boxed elementor-section-height-default elementor-section-height-default\" data-id=\"52e5916\" data-element_type=\"section\" data-e-type=\"section\" data-settings=\"{&quot;background_background&quot;:&quot;classic&quot;}\">\n\t\t\t\t\t\t<div class=\"elementor-container elementor-column-gap-default\">\n\t\t\t\t\t<div class=\"elementor-column elementor-col-100 elementor-top-column elementor-element elementor-element-52bb6c8\" data-id=\"52bb6c8\" data-element_type=\"column\" data-e-type=\"column\">\n\t\t\t<div class=\"elementor-widget-wrap elementor-element-populated\">\n\t\t\t\t\t\t<div class=\"elementor-element elementor-element-4a9239e elementor-widget elementor-widget-heading\" data-id=\"4a9239e\" data-element_type=\"widget\" data-e-type=\"widget\" data-widget_type=\"heading.default\">\n\t\t\t\t<div class=\"elementor-widget-container\">\n\t\t\t\t\t<h2 class=\"elementor-heading-title elementor-size-default\">17 stycznia 2026<\/h2>\t\t\t\t<\/div>\n\t\t\t\t<\/div>\n\t\t\t\t<div class=\"elementor-element elementor-element-166f680 elementor-widget elementor-widget-text-editor\" data-id=\"166f680\" data-element_type=\"widget\" data-e-type=\"widget\" data-widget_type=\"text-editor.default\">\n\t\t\t\t<div class=\"elementor-widget-container\">\n\t\t\t\t\t\t\t\t\t<h2><strong><img decoding=\"async\" class=\"emoji\" role=\"img\" draggable=\"false\" src=\"https:\/\/s.w.org\/images\/core\/emoji\/17.0.2\/svg\/1f9e9.svg\" alt=\"\ud83e\udde9\" \/>\u00a0<\/strong><strong>Mistrzostwa Pomorza w uk\u0142adaniu puzzli<\/strong><\/h2><p>We\u017a udzia\u0142 i sprawd\u017a si\u0119 w Mistrzostwach Pomorza w uk\u0142adaniu puzzli, kt\u00f3re odb\u0119d\u0105 si\u0119 17 stycznia 2026 roku!<\/p><p>Podczas Mistrzostw b\u0119dziesz mie\u0107 okazj\u0119 zmierzy\u0107 si\u0119 w indywidualnym i\/lub dru\u017cynowym konkursie uk\u0142adania puzzli na czas!<\/p><p><strong>Gdzie<\/strong>: Centrum Konferencyjne | Pomorski Park Naukowo Technologiczny w Gdyni (al. Zwyci\u0119stwa 96\/98, 81-451 Gdynia) | budynek III PPNT, I pi\u0119tro, Sala D i E<\/p><p><strong>Kiedy:<\/strong>\u00a017 stycznia 2026 r. (sobota)<\/p><p><strong>Agenda wydarzenia:<\/strong><\/p><ul><li>09:45 \u2013 10.00: rejestracja i przywitanie uczestnik\u00f3w<\/li><li>10.00 \u2013 12.00: konkurs indywidualny (500 element\u00f3w)<\/li><li>12.00 \u2013 12.10: zako\u0144czenie konkursu indywidualnego, wr\u0119czenie nagr\u00f3d<\/li><li>12.30 \u2013 14.30: konkurs dru\u017cynowy (1000 element\u00f3w)<\/li><li>14.30 \u2013 15.00: zako\u0144czenie konkursu dru\u017cynowego, wr\u0119czenie nagr\u00f3d oraz zako\u0144czenie Mistrzostw<\/li><\/ul><p><strong><br \/>Uwaga!<\/strong>\u00a0Liczba miejsc w konkursie indywidualnym oraz konkursie dru\u017cynowym jest ograniczona. Obowi\u0105zuj\u0105 zapisy! Dru\u017cyna powinna sk\u0142ada\u0107 si\u0119 z 3 os\u00f3b! W konkursie mog\u0105 bra\u0107 udzia\u0142 tylko osoby pe\u0142noletnie. Prosimy o przybycie oko\u0142o 15 minut przed rozpocz\u0119ciem konkursu, w kt\u00f3rym uczestniczysz. Po przybyciu na miejsce nale\u017cy zg\u0142osi\u0107 si\u0119 do pracownik\u00f3w firmy Trefl w celu potwierdzenia danych.<\/p><p><strong>Zapisy rozpoczynaj\u0105 si\u0119 22 grudnia 25 r. o godzinie 12.00.<\/strong><\/p>\t\t\t\t\t\t\t\t<\/div>\n\t\t\t\t<\/div>\n\t\t\t\t\t<\/div>\n\t\t<\/div>\n\t\t\t\t\t<\/div>\n\t\t<\/section>\n\t\t\t\t<section class=\"elementor-section elementor-top-section elementor-element elementor-element-c802559 elementor-section-boxed elementor-section-height-default elementor-section-height-default\" data-id=\"c802559\" data-element_type=\"section\" data-e-type=\"section\">\n\t\t\t\t\t\t<div class=\"elementor-container elementor-column-gap-default\">\n\t\t\t\t\t<div class=\"elementor-column elementor-col-100 elementor-top-column elementor-element elementor-element-2eacd00\" data-id=\"2eacd00\" data-element_type=\"column\" data-e-type=\"column\">\n\t\t\t<div class=\"elementor-widget-wrap elementor-element-populated\">\n\t\t\t\t\t\t<div class=\"elementor-element elementor-element-c9d3721 elementor-widget elementor-widget-spacer\" data-id=\"c9d3721\" data-element_type=\"widget\" data-e-type=\"widget\" data-widget_type=\"spacer.default\">\n\t\t\t\t<div class=\"elementor-widget-container\">\n\t\t\t\t\t\t\t<div class=\"elementor-spacer\">\n\t\t\t<div class=\"elementor-spacer-inner\"><\/div>\n\t\t<\/div>\n\t\t\t\t\t\t<\/div>\n\t\t\t\t<\/div>\n\t\t\t\t<div class=\"elementor-element elementor-element-41dc424 elementor-invisible elementor-widget elementor-widget-image\" data-id=\"41dc424\" data-element_type=\"widget\" data-e-type=\"widget\" data-settings=\"{&quot;_animation&quot;:&quot;zoomIn&quot;}\" data-widget_type=\"image.default\">\n\t\t\t\t<div class=\"elementor-widget-container\">\n\t\t\t\t\t\t\t\t\t\t\t\t\t\t\t<img fetchpriority=\"high\" decoding=\"async\" width=\"800\" height=\"265\" src=\"https:\/\/www.trefl.com\/lp\/wp-content\/uploads\/2024\/05\/header3-1024x339.webp\" class=\"attachment-large size-large wp-image-5243\" alt=\"\" srcset=\"https:\/\/www.trefl.com\/lp\/wp-content\/uploads\/2024\/05\/header3-1024x339.webp 1024w, https:\/\/www.trefl.com\/lp\/wp-content\/uploads\/2024\/05\/header3-300x99.webp 300w, https:\/\/www.trefl.com\/lp\/wp-content\/uploads\/2024\/05\/header3-768x254.webp 768w, https:\/\/www.trefl.com\/lp\/wp-content\/uploads\/2024\/05\/header3.webp 1455w\" sizes=\"(max-width: 800px) 100vw, 800px\" \/>\t\t\t\t\t\t\t\t\t\t\t\t\t\t\t<\/div>\n\t\t\t\t<\/div>\n\t\t\t\t<div class=\"elementor-element elementor-element-acd128d elementor-countdown--label-block elementor-widget elementor-widget-countdown\" data-id=\"acd128d\" data-element_type=\"widget\" data-e-type=\"widget\" data-widget_type=\"countdown.default\">\n\t\t\t\t<div class=\"elementor-widget-container\">\n\t\t\t\t\t\t\t<div class=\"elementor-countdown-wrapper\" data-date=\"1768639500\">\n\t\t\t<div class=\"elementor-countdown-item\"><span class=\"elementor-countdown-digits elementor-countdown-days\"><\/span> <span class=\"elementor-countdown-label\">Dni<\/span><\/div><div class=\"elementor-countdown-item\"><span class=\"elementor-countdown-digits elementor-countdown-hours\"><\/span> <span class=\"elementor-countdown-label\">Godziny<\/span><\/div><div class=\"elementor-countdown-item\"><span class=\"elementor-countdown-digits elementor-countdown-minutes\"><\/span> <span class=\"elementor-countdown-label\">Minuty<\/span><\/div><div class=\"elementor-countdown-item\"><span class=\"elementor-countdown-digits elementor-countdown-seconds\"><\/span> <span class=\"elementor-countdown-label\">Sekundy<\/span><\/div>\t\t<\/div>\n\t\t\t\t\t\t<\/div>\n\t\t\t\t<\/div>\n\t\t\t\t<div class=\"elementor-element elementor-element-02475b6 elementor-widget elementor-widget-spacer\" data-id=\"02475b6\" data-element_type=\"widget\" data-e-type=\"widget\" data-widget_type=\"spacer.default\">\n\t\t\t\t<div class=\"elementor-widget-container\">\n\t\t\t\t\t\t\t<div class=\"elementor-spacer\">\n\t\t\t<div class=\"elementor-spacer-inner\"><\/div>\n\t\t<\/div>\n\t\t\t\t\t\t<\/div>\n\t\t\t\t<\/div>\n\t\t\t\t\t<\/div>\n\t\t<\/div>\n\t\t\t\t\t<\/div>\n\t\t<\/section>\n\t\t\t\t<section class=\"elementor-section elementor-top-section elementor-element elementor-element-5a59205 elementor-section-boxed elementor-section-height-default elementor-section-height-default\" data-id=\"5a59205\" data-element_type=\"section\" data-e-type=\"section\" id=\"formularz\">\n\t\t\t\t\t\t<div class=\"elementor-container elementor-column-gap-default\">\n\t\t\t\t\t<div class=\"elementor-column elementor-col-100 elementor-top-column elementor-element elementor-element-523e61a\" data-id=\"523e61a\" data-element_type=\"column\" data-e-type=\"column\">\n\t\t\t<div class=\"elementor-widget-wrap elementor-element-populated\">\n\t\t\t\t\t\t<section class=\"elementor-section elementor-inner-section elementor-element elementor-element-0c47063 elementor-section-boxed elementor-section-height-default elementor-section-height-default\" data-id=\"0c47063\" data-element_type=\"section\" data-e-type=\"section\">\n\t\t\t\t\t\t<div class=\"elementor-container elementor-column-gap-default\">\n\t\t\t\t\t<div class=\"elementor-column elementor-col-100 elementor-inner-column elementor-element elementor-element-01e4dff\" data-id=\"01e4dff\" data-element_type=\"column\" data-e-type=\"column\" data-settings=\"{&quot;background_background&quot;:&quot;classic&quot;}\">\n\t\t\t<div class=\"elementor-widget-wrap elementor-element-populated\">\n\t\t\t\t\t\t<div class=\"elementor-element elementor-element-6057f39 elementor-widget elementor-widget-spacer\" data-id=\"6057f39\" data-element_type=\"widget\" data-e-type=\"widget\" data-widget_type=\"spacer.default\">\n\t\t\t\t<div class=\"elementor-widget-container\">\n\t\t\t\t\t\t\t<div class=\"elementor-spacer\">\n\t\t\t<div class=\"elementor-spacer-inner\"><\/div>\n\t\t<\/div>\n\t\t\t\t\t\t<\/div>\n\t\t\t\t<\/div>\n\t\t\t\t<div class=\"elementor-element elementor-element-ab70e95 elementor-widget elementor-widget-text-editor\" data-id=\"ab70e95\" data-element_type=\"widget\" data-e-type=\"widget\" data-widget_type=\"text-editor.default\">\n\t\t\t\t<div class=\"elementor-widget-container\">\n\t\t\t\t\t\t\t\t\t<p>Aby zapewni\u0107 sobie udzia\u0142 w wybranym wydarzeniu, wy\u015blij do nas elektroniczne zg\u0142oszenie na adres email:\u00a0<a href=\"mailto:j.wozniakiewicz@trefl.com\">j.wozniakiewicz@trefl.com\u00a0<\/a>i upewnij si\u0119, \u017ce zawiera ono wskazanie rodzaju konkurencji, w kt\u00f3rej chcesz uczestniczy\u0107 oraz imi\u0119 i nazwisko uczestnika lub uczestnik\u00f3w.<\/p>\t\t\t\t\t\t\t\t<\/div>\n\t\t\t\t<\/div>\n\t\t\t\t<div class=\"elementor-element elementor-element-018becd elementor-widget elementor-widget-spacer\" data-id=\"018becd\" data-element_type=\"widget\" data-e-type=\"widget\" data-widget_type=\"spacer.default\">\n\t\t\t\t<div class=\"elementor-widget-container\">\n\t\t\t\t\t\t\t<div class=\"elementor-spacer\">\n\t\t\t<div class=\"elementor-spacer-inner\"><\/div>\n\t\t<\/div>\n\t\t\t\t\t\t<\/div>\n\t\t\t\t<\/div>\n\t\t\t\t\t<\/div>\n\t\t<\/div>\n\t\t\t\t\t<\/div>\n\t\t<\/section>\n\t\t\t\t\t<\/div>\n\t\t<\/div>\n\t\t\t\t\t<\/div>\n\t\t<\/section>\n\t\t\t\t<section class=\"elementor-section elementor-top-section elementor-element elementor-element-61f628d elementor-section-boxed elementor-section-height-default elementor-section-height-default\" data-id=\"61f628d\" data-element_type=\"section\" data-e-type=\"section\">\n\t\t\t\t\t\t<div class=\"elementor-container elementor-column-gap-default\">\n\t\t\t\t\t<div class=\"elementor-column elementor-col-100 elementor-top-column elementor-element elementor-element-2d68d27\" data-id=\"2d68d27\" data-element_type=\"column\" data-e-type=\"column\">\n\t\t\t<div class=\"elementor-widget-wrap elementor-element-populated\">\n\t\t\t\t\t\t<div class=\"elementor-element elementor-element-e419dde elementor-widget elementor-widget-spacer\" data-id=\"e419dde\" data-element_type=\"widget\" data-e-type=\"widget\" data-widget_type=\"spacer.default\">\n\t\t\t\t<div class=\"elementor-widget-container\">\n\t\t\t\t\t\t\t<div class=\"elementor-spacer\">\n\t\t\t<div class=\"elementor-spacer-inner\"><\/div>\n\t\t<\/div>\n\t\t\t\t\t\t<\/div>\n\t\t\t\t<\/div>\n\t\t\t\t<div class=\"elementor-element elementor-element-1cf147c elementor-align-center elementor-widget elementor-widget-button\" data-id=\"1cf147c\" data-element_type=\"widget\" data-e-type=\"widget\" data-widget_type=\"button.default\">\n\t\t\t\t<div class=\"elementor-widget-container\">\n\t\t\t\t\t\t\t\t\t<div class=\"elementor-button-wrapper\">\n\t\t\t\t\t<a class=\"elementor-button elementor-button-link elementor-size-sm\" href=\"mailto:j.wozniakiewicz@trefl.com\">\n\t\t\t\t\t\t<span class=\"elementor-button-content-wrapper\">\n\t\t\t\t\t\t<span class=\"elementor-button-icon\">\n\t\t\t\t<i aria-hidden=\"true\" class=\"far fa-envelope-open\"><\/i>\t\t\t<\/span>\n\t\t\t\t\t\t\t\t\t<span class=\"elementor-button-text\">WE\u0179 UDZIA\u0141<\/span>\n\t\t\t\t\t<\/span>\n\t\t\t\t\t<\/a>\n\t\t\t\t<\/div>\n\t\t\t\t\t\t\t\t<\/div>\n\t\t\t\t<\/div>\n\t\t\t\t<div class=\"elementor-element elementor-element-452c1b0 elementor-widget elementor-widget-text-editor\" data-id=\"452c1b0\" data-element_type=\"widget\" data-e-type=\"widget\" data-widget_type=\"text-editor.default\">\n\t\t\t\t<div class=\"elementor-widget-container\">\n\t\t\t\t\t\t\t\t\t<p><a href=\"https:\/\/www.trefl.com\/lp\/wp-content\/uploads\/2025\/12\/Regulaminy_turnieje_puzzlowe_17.01.2026.pdf\" target=\"_blank\" rel=\"noopener\">Regulamin turnieju<\/a> | <a href=\"https:\/\/www.trefl.com\/lp\/wp-content\/uploads\/2025\/12\/REGULAMIN_Pyrkon-Puzzle-Masters.pdf\" target=\"_blank\" rel=\"noopener\">Regulamin Pyrkon Puzzle Masters<\/a><\/p>\t\t\t\t\t\t\t\t<\/div>\n\t\t\t\t<\/div>\n\t\t\t\t\t<\/div>\n\t\t<\/div>\n\t\t\t\t\t<\/div>\n\t\t<\/section>\n\t\t\t\t<section class=\"elementor-section elementor-top-section elementor-element elementor-element-608e931 elementor-section-boxed elementor-section-height-default elementor-section-height-default\" data-id=\"608e931\" data-element_type=\"section\" data-e-type=\"section\">\n\t\t\t\t\t\t<div class=\"elementor-container elementor-column-gap-default\">\n\t\t\t\t\t<div class=\"elementor-column elementor-col-100 elementor-top-column elementor-element elementor-element-04113bb\" data-id=\"04113bb\" data-element_type=\"column\" data-e-type=\"column\">\n\t\t\t<div class=\"elementor-widget-wrap elementor-element-populated\">\n\t\t\t\t\t\t<div class=\"elementor-element elementor-element-6b8c6c1 elementor-widget elementor-widget-image\" data-id=\"6b8c6c1\" data-element_type=\"widget\" data-e-type=\"widget\" data-widget_type=\"image.default\">\n\t\t\t\t<div class=\"elementor-widget-container\">\n\t\t\t\t\t\t\t\t\t\t\t\t\t\t\t<img fetchpriority=\"high\" decoding=\"async\" width=\"800\" height=\"265\" src=\"https:\/\/www.trefl.com\/lp\/wp-content\/uploads\/2024\/05\/header3-1024x339.webp\" class=\"attachment-large size-large wp-image-5243\" alt=\"\" srcset=\"https:\/\/www.trefl.com\/lp\/wp-content\/uploads\/2024\/05\/header3-1024x339.webp 1024w, https:\/\/www.trefl.com\/lp\/wp-content\/uploads\/2024\/05\/header3-300x99.webp 300w, https:\/\/www.trefl.com\/lp\/wp-content\/uploads\/2024\/05\/header3-768x254.webp 768w, https:\/\/www.trefl.com\/lp\/wp-content\/uploads\/2024\/05\/header3.webp 1455w\" sizes=\"(max-width: 800px) 100vw, 800px\" \/>\t\t\t\t\t\t\t\t\t\t\t\t\t\t\t<\/div>\n\t\t\t\t<\/div>\n\t\t\t\t<div class=\"elementor-element elementor-element-b737f32 elementor-widget elementor-widget-spacer\" data-id=\"b737f32\" data-element_type=\"widget\" data-e-type=\"widget\" data-widget_type=\"spacer.default\">\n\t\t\t\t<div class=\"elementor-widget-container\">\n\t\t\t\t\t\t\t<div class=\"elementor-spacer\">\n\t\t\t<div class=\"elementor-spacer-inner\"><\/div>\n\t\t<\/div>\n\t\t\t\t\t\t<\/div>\n\t\t\t\t<\/div>\n\t\t\t\t\t<\/div>\n\t\t<\/div>\n\t\t\t\t\t<\/div>\n\t\t<\/section>\n\t\t\t\t<\/div>\n\t\t","protected":false},"excerpt":{"rendered":"<p>WE\u0179 UDZIA\u0141 17 stycznia 2026 \ud83e\udde9 Mistrzostwa Pomorza w uk\u0142adaniu puzzli We\u017a udzia\u0142 i sprawd\u017a si\u0119 w Mistrzostwach Pomorza w uk\u0142adaniu puzzli, kt\u00f3re odb\u0119d\u0105 si\u0119 17 stycznia 2026 roku! Podczas Mistrzostw b\u0119dziesz mie\u0107 okazj\u0119 zmierzy\u0107 si\u0119 w indywidualnym i\/lub dru\u017cynowym konkursie uk\u0142adania puzzli na czas! Gdzie: Centrum Konferencyjne | Pomorski Park Naukowo Technologiczny w Gdyni [&hellip;]<\/p>\n","protected":false},"author":1,"featured_media":0,"parent":0,"menu_order":0,"comment_status":"closed","ping_status":"closed","template":"","meta":{"footnotes":""},"class_list":["post-5231","page","type-page","status-publish","hentry"],"lang":"pl","translations":{"pl":5231},"pll_sync_post":{},"_links":{"self":[{"href":"https:\/\/www.trefl.com\/lp\/wp-json\/wp\/v2\/pages\/5231","targetHints":{"allow":["GET"]}}],"collection":[{"href":"https:\/\/www.trefl.com\/lp\/wp-json\/wp\/v2\/pages"}],"about":[{"href":"https:\/\/www.trefl.com\/lp\/wp-json\/wp\/v2\/types\/page"}],"author":[{"embeddable":true,"href":"https:\/\/www.trefl.com\/lp\/wp-json\/wp\/v2\/users\/1"}],"replies":[{"embeddable":true,"href":"https:\/\/www.trefl.com\/lp\/wp-json\/wp\/v2\/comments?post=5231"}],"version-history":[{"count":238,"href":"https:\/\/www.trefl.com\/lp\/wp-json\/wp\/v2\/pages\/5231\/revisions"}],"predecessor-version":[{"id":7704,"href":"https:\/\/www.trefl.com\/lp\/wp-json\/wp\/v2\/pages\/5231\/revisions\/7704"}],"wp:attachment":[{"href":"https:\/\/www.trefl.com\/lp\/wp-json\/wp\/v2\/media?parent=5231"}],"curies":[{"name":"wp","href":"https:\/\/api.w.org\/{rel}","templated":true}]}}